{"id":103,"date":"2022-08-12T16:42:18","date_gmt":"2022-08-12T16:42:18","guid":{"rendered":"https:\/\/regresija-hipnoza.com\/?page_id=103"},"modified":"2022-08-12T21:18:16","modified_gmt":"2022-08-12T21:18:16","slug":"o-meni","status":"publish","type":"page","link":"https:\/\/regresija-hipnoza.com\/?page_id=103","title":{"rendered":"O meni"},"content":{"rendered":"\t\t<div data-elementor-type=\"wp-page\" data-elementor-id=\"103\" class=\"elementor elementor-103\">\n\t\t\t\t\t\t\t\t\t<section class=\"elementor-section elementor-top-section elementor-element elementor-element-77668a3 elementor-section-boxed elementor-section-height-default elementor-section-height-default\" data-id=\"77668a3\" data-element_type=\"section\">\n\t\t\t\t\t\t<div class=\"elementor-container elementor-column-gap-default\">\n\t\t\t\t\t<div class=\"elementor-column elementor-col-100 elementor-top-column elementor-element elementor-element-a782be9\" data-id=\"a782be9\" data-element_type=\"column\">\n\t\t\t<div class=\"elementor-widget-wrap elementor-element-populated\">\n\t\t\t\t\t\t\t\t<div class=\"elementor-element elementor-element-aeb443b elementor-widget elementor-widget-image\" data-id=\"aeb443b\" data-element_type=\"widget\" data-widget_type=\"image.default\">\n\t\t\t\t<div class=\"elementor-widget-container\">\n\t\t\t<style>\/*! elementor - v3.7.0 - 08-08-2022 *\/\n.elementor-widget-image{text-align:center}.elementor-widget-image a{display:inline-block}.elementor-widget-image a img[src$=\".svg\"]{width:48px}.elementor-widget-image img{vertical-align:middle;display:inline-block}<\/style>\t\t\t\t\t\t\t\t\t\t\t\t<img width=\"584\" height=\"746\" src=\"https:\/\/regresija-hipnoza.com\/wp-content\/uploads\/2022\/08\/20220301_170806-802x1024.jpg\" class=\"attachment-large size-large\" alt=\"\" loading=\"lazy\" srcset=\"https:\/\/regresija-hipnoza.com\/wp-content\/uploads\/2022\/08\/20220301_170806-802x1024.jpg 802w, https:\/\/regresija-hipnoza.com\/wp-content\/uploads\/2022\/08\/20220301_170806-235x300.jpg 235w, https:\/\/regresija-hipnoza.com\/wp-content\/uploads\/2022\/08\/20220301_170806-768x981.jpg 768w, https:\/\/regresija-hipnoza.com\/wp-content\/uploads\/2022\/08\/20220301_170806-1203x1536.jpg 1203w, https:\/\/regresija-hipnoza.com\/wp-content\/uploads\/2022\/08\/20220301_170806-1604x2048.jpg 1604w, https:\/\/regresija-hipnoza.com\/wp-content\/uploads\/2022\/08\/20220301_170806-scaled.jpg 2005w\" sizes=\"(max-width: 584px) 100vw, 584px\" \/>\t\t\t\t\t\t\t\t\t\t\t\t\t\t\t<\/div>\n\t\t\t\t<\/div>\n\t\t\t\t\t<\/div>\n\t\t<\/div>\n\t\t\t\t\t\t\t<\/div>\n\t\t<\/section>\n\t\t\t\t<section class=\"elementor-section elementor-top-section elementor-element elementor-element-6fcf4c6 elementor-section-boxed elementor-section-height-default elementor-section-height-default\" data-id=\"6fcf4c6\" data-element_type=\"section\">\n\t\t\t\t\t\t<div class=\"elementor-container elementor-column-gap-default\">\n\t\t\t\t\t<div class=\"elementor-column elementor-col-100 elementor-top-column elementor-element elementor-element-0424529\" data-id=\"0424529\" data-element_type=\"column\">\n\t\t\t<div class=\"elementor-widget-wrap elementor-element-populated\">\n\t\t\t\t\t\t\t\t<div class=\"elementor-element elementor-element-c770222 elementor-widget elementor-widget-heading\" data-id=\"c770222\" data-element_type=\"widget\" data-widget_type=\"heading.default\">\n\t\t\t\t<div class=\"elementor-widget-container\">\n\t\t\t<style>\/*! elementor - v3.7.0 - 08-08-2022 *\/\n.elementor-heading-title{padding:0;margin:0;line-height:1}.elementor-widget-heading .elementor-heading-title[class*=elementor-size-]>a{color:inherit;font-size:inherit;line-height:inherit}.elementor-widget-heading .elementor-heading-title.elementor-size-small{font-size:15px}.elementor-widget-heading .elementor-heading-title.elementor-size-medium{font-size:19px}.elementor-widget-heading .elementor-heading-title.elementor-size-large{font-size:29px}.elementor-widget-heading .elementor-heading-title.elementor-size-xl{font-size:39px}.elementor-widget-heading .elementor-heading-title.elementor-size-xxl{font-size:59px}<\/style><h3 class=\"elementor-heading-title elementor-size-medium\">ZRINKA JAN\u010cI\u0106<\/h3>\t\t<\/div>\n\t\t\t\t<\/div>\n\t\t\t\t\t<\/div>\n\t\t<\/div>\n\t\t\t\t\t\t\t<\/div>\n\t\t<\/section>\n\t\t\t\t<section class=\"elementor-section elementor-top-section elementor-element elementor-element-2c59df4 elementor-section-boxed elementor-section-height-default elementor-section-height-default\" data-id=\"2c59df4\" data-element_type=\"section\">\n\t\t\t\t\t\t<div class=\"elementor-container elementor-column-gap-default\">\n\t\t\t\t\t<div class=\"elementor-column elementor-col-100 elementor-top-column elementor-element elementor-element-355d2a9\" data-id=\"355d2a9\" data-element_type=\"column\">\n\t\t\t<div class=\"elementor-widget-wrap elementor-element-populated\">\n\t\t\t\t\t\t\t\t<div class=\"elementor-element elementor-element-2735dee elementor-widget elementor-widget-text-editor\" data-id=\"2735dee\" data-element_type=\"widget\" data-widget_type=\"text-editor.default\">\n\t\t\t\t<div class=\"elementor-widget-container\">\n\t\t\t<style>\/*! elementor - v3.7.0 - 08-08-2022 *\/\n.elementor-widget-text-editor.elementor-drop-cap-view-stacked .elementor-drop-cap{background-color:#818a91;color:#fff}.elementor-widget-text-editor.elementor-drop-cap-view-framed .elementor-drop-cap{color:#818a91;border:3px solid;background-color:transparent}.elementor-widget-text-editor:not(.elementor-drop-cap-view-default) .elementor-drop-cap{margin-top:8px}.elementor-widget-text-editor:not(.elementor-drop-cap-view-default) .elementor-drop-cap-letter{width:1em;height:1em}.elementor-widget-text-editor .elementor-drop-cap{float:left;text-align:center;line-height:1;font-size:50px}.elementor-widget-text-editor .elementor-drop-cap-letter{display:inline-block}<\/style>\t\t\t\t<p style=\"margin-bottom: 0cm;\">Datum ro\u0111enja: 23.11.1970. u 7.20h, Zagreb<\/p><p style=\"margin-bottom: 0cm;\">Zrinka Jan\u010di\u0107 regresoterapijom se bavi preko 30 godina.<\/p><p style=\"margin-bottom: 0cm;\">Ve\u0107 u osnovnoj \u0161koli\u00a0je pokazala interes prema isto\u010dnja\u010dkoj religiji, jogi, astrologiji i meditaciji. U sedamnaestoj godini dolazi do tzv. spontanog kundalini dizanja, \u0161to je kroz nekoliko godina dovelo do razvoja tzv. &#8220;unutarnjeg vi\u0111enja&#8221;. Od dvadesete godine isklju\u010divo se bavi duhovnim radom. Spontano se sje\u0107a svojih biv\u0161ih \u017eivota, a jedan od njih je bio poznati Tibetanski\u00a0u\u010ditelj Dakpo Tashi Namgyal, koji je \u017eivio u 16. stolje\u0107u.<\/p><p style=\"margin-bottom: 0cm;\">Jedan od najranijih \u017eivotnih interesa joj je astrologija, a tako\u0111er je i Reiki majstorica.\u00a0<\/p><p style=\"margin-bottom: 0cm;\">Autorica je knjige &#8220;Put u pro\u0161le \u017eivote&#8221; (koju je napisala pod biv\u0161im prezimenom Bok\u0161i\u0107), autorica knjige &#8220;U\u010denje du\u0161a kroz reinkarnaciju&#8221;,te glavna urednica \u010dasopisa Anima Mundi i voditeljica emisije Ezoterijsko savjetovali\u0161te na radio Samoboru. Gostuje u mnogobrojnim tv, radio emisijama te pisanim medijima.\u00a0\u00a0<\/p><p style=\"margin-bottom: 0cm;\">Studirala je Budisti\u010dku psihologiju na sveu\u010dili\u0161tu Berkeley u Kaliforniji, SAD, te civilnu medijaciju i konflikt management pri Comunity Boards u San Franciscu, najstarije udruge civilnih medijatora u SAD-u.<\/p><p style=\"margin-bottom: 0cm;\">Autorica je dokumentarnog filma\u00a0Awakening the Sleeping Goddess, o Tibetanskim monahinjama u egzilu, te se aktivno bori za njihov bolji \u017eivotni i edukacijski status.<\/p><p style=\"margin-bottom: 0cm;\">Izuzetno fokusirana na humanitarni rad, osniva\u010dica udruge Zlatno slovo, za obrazovanje u duhu ljudskih vrijednosti, voditeljica \u017dumbera\u010dkih maca &#8211; Facebook grupe za pomo\u0107 ugro\u017eenim macama tog podru\u010dja.<\/p><p style=\"margin-bottom: 0cm;\">Trenutno aktivno radi kao predsjednica Budisti\u010dkog dru\u0161tva Mahamudra, te \u017eivi u centru za meditaciju Bijela Tara koji je osnovala na \u017dumberku.<\/p><p style=\"margin-bottom: 0cm;\">\u00a0<\/p>\t\t\t\t\t\t<\/div>\n\t\t\t\t<\/div>\n\t\t\t\t\t<\/div>\n\t\t<\/div>\n\t\t\t\t\t\t\t<\/div>\n\t\t<\/section>\n\t\t\t\t<section class=\"elementor-section elementor-top-section elementor-element elementor-element-6cd3501 elementor-section-boxed elementor-section-height-default elementor-section-height-default\" data-id=\"6cd3501\" data-element_type=\"section\">\n\t\t\t\t\t\t<div class=\"elementor-container elementor-column-gap-default\">\n\t\t\t\t\t<div class=\"elementor-column elementor-col-100 elementor-top-column elementor-element elementor-element-e8520c8\" data-id=\"e8520c8\" data-element_type=\"column\">\n\t\t\t<div class=\"elementor-widget-wrap elementor-element-populated\">\n\t\t\t\t\t\t\t\t<div class=\"elementor-element elementor-element-0ef6438 elementor-widget elementor-widget-heading\" data-id=\"0ef6438\" data-element_type=\"widget\" data-widget_type=\"heading.default\">\n\t\t\t\t<div class=\"elementor-widget-container\">\n\t\t\t<h3 class=\"elementor-heading-title elementor-size-medium\">STRU\u010cNI KOMENTAR I OSOBNO ISKUSTVO REGRESIJE<\/h3>\t\t<\/div>\n\t\t\t\t<\/div>\n\t\t\t\t\t<\/div>\n\t\t<\/div>\n\t\t\t\t\t\t\t<\/div>\n\t\t<\/section>\n\t\t\t\t<section class=\"elementor-section elementor-top-section elementor-element elementor-element-7f5e330 elementor-section-boxed elementor-section-height-default elementor-section-height-default\" data-id=\"7f5e330\" data-element_type=\"section\">\n\t\t\t\t\t\t<div class=\"elementor-container elementor-column-gap-default\">\n\t\t\t\t\t<div class=\"elementor-column elementor-col-100 elementor-top-column elementor-element elementor-element-33152ba\" data-id=\"33152ba\" data-element_type=\"column\">\n\t\t\t<div class=\"elementor-widget-wrap elementor-element-populated\">\n\t\t\t\t\t\t\t\t<div class=\"elementor-element elementor-element-db2b24d elementor-widget elementor-widget-text-editor\" data-id=\"db2b24d\" data-element_type=\"widget\" data-widget_type=\"text-editor.default\">\n\t\t\t\t<div class=\"elementor-widget-container\">\n\t\t\t\t\t\t\t<p style=\"margin-bottom: 0cm;\"><span lang=\"hr-HR\"><b>Prim.med.univ.dr\u00a0Ljubomir Radovan\u010devi\u0107, dr.sci.<\/b><\/span><\/p><p style=\"margin-bottom: 0cm;\"><span lang=\"hr-HR\"><b>Psihijatar i sudski\u00a0vje\u0161tak<\/b><\/span><span style=\"font-size: 15px; color: var( --e-global-color-text );\">\u00a0<\/span><\/p><p style=\"margin-bottom: 0cm;\">\u00a0<span style=\"font-size: 15px; color: var( --e-global-color-text );\">\u00a0<\/span><\/p><p style=\"margin-bottom: 0cm;\">\u00a0\u00a0\u00a0\u00a0\u00a0\u00a0\u00a0\u00a0\u00a0 <span lang=\"hr-HR\">Zrinka Jan\u010di\u0107 vrlo stru\u010dno i vje\u0161to uvodi svoje klijente u stanja nehipnoti\u010dke regresije. Nakon psihosomatskog opu\u0161tanja svakog mi\u0161i\u0107a i grupe mi\u0161i\u0107a metodom po Jacobsonu, klijentu daje upute kako da u\u0111e u transno ekstati\u010dno stanje, \u010dime se otvaraju putevi dubljih prodora u nesvjesne regije psihike i osloba\u0111a nesmetan tijek slobodnih asocijacija. Z. Jan\u010di\u0107 vodi klijenta kroz labirinte i sedimente pro\u0161lih iskustava jungovske kolektivne podsvijesti i individualnih empirijskih naslaga. Eventualna traumatska do\u017eivljavanja, davno potisnutih sje\u0107anja, tako bivaju ponovno dozvana u predsvjesno i pod stru\u010dnim vodstvom, li\u0161enih opasnosti, prora\u0111ena, te se pacijent osloba\u0111a njihovih stega koje ga ometaju u punom \u017eivljenju.<\/span><\/p><p style=\"margin-bottom: 0cm;\">\u00a0\u00a0\u00a0\u00a0\u00a0\u00a0\u00a0\u00a0\u00a0\u00a0\u00a0\u00a0<span lang=\"hr-HR\">Interpretacija koja se na kraju izvodi ponovnom proradom svega u transu pro\u017eivljenoga, sada u budnom stanju klijenta, omogu\u0107ava klijentu da postigne uvid u skrivene tajne svog bi\u0107a, i tako rije\u0161en i oslobo\u0111en kre\u0107e dalje optimisti\u010dki kroz \u017eivot.\u00a0\u00a0\u00a0\u00a0\u00a0\u00a0\u00a0<\/span><\/p><p style=\"margin-bottom: 0cm;\">\u00a0\u00a0\u00a0\u00a0\u00a0\u00a0\u00a0\u00a0\u00a0\u00a0\u00a0\u00a0<span lang=\"hr-HR\">Auto sugestija kao po\u010delo hipnoidnog djelovanja heuristi\u010dki poma\u017ee klijentu prona\u0107i one puteve koji vode do blagotvornih utjecaja na vlastito du\u0161evno zbivanje i \u017eivljenje.<\/span><\/p><p style=\"margin-bottom: 0cm;\">\u00a0\u00a0\u00a0\u00a0\u00a0\u00a0\u00a0\u00a0\u00a0\u00a0\u00a0 <span lang=\"hr-HR\">Zrinka Jan\u010di\u0107 je uspje\u0161no usvojila zasade psihodimanskih i mnogih drugih dalekoisto\u010dnih u\u010denja, transakcijske analize, ge\u0161talt teraoije, te tradicionalnih staroindijskih tehnika energetskog prodora kroz meridijane i \u010dakre.\u00a0Obrazovana u Londonu, Zrinka Jan\u010di\u0107 je pro\u0161la i vlastitim putevima osloba\u0111anja, kreirav\u0161i sama svoju skladnu li\u010dnost li\u0161enu nepotrebnih optere\u0107enja i sposobna pomo\u0107i drugima u ozdravljivanju, samorealizaciji, integraciji, u bivanju sretnijim, kreativnijim, zrelijim, odgovornijim, svjesnijim, mo\u0107nijim za ljubav i reguliranje\u00a0odnosa s obitelji, drugima i dru\u0161tvom.<\/span><\/p><p style=\"margin-bottom: 0cm;\">\u00a0\u00a0\u00a0\u00a0\u00a0\u00a0\u00a0\u00a0\u00a0\u00a0\u00a0\u00a0<span lang=\"hr-HR\">Nehipnoti\u010dka regresija ili putovanje u dijelove svog ili pro\u0161lih \u017eivota, metoda kojom se Zrinka, izme\u0111u ostalog bavi, ugodno je iskustvo za svakog sudionika. Prolazak kroz imaginarne i vjerojatno mogu\u0107e ranije \u017eivote (za one koji vjeruju u reinkarnaciju-sigurno) te kao i za sve druge, predstavlja mogu\u0107nost rje\u0161avanja nesvjesnih sukoba i naru\u0161enih me\u0111uljudskih odnosa, okova koji ometaju normalan psihoeti\u010dki, socijalni i spiritualni rast, razvoj i sazrijevanje, te stjecanje uvida u recentne \u017eivotne probleme i situacije.<\/span><\/p><p style=\"margin-bottom: 0cm;\">\u00a0\u00a0\u00a0\u00a0\u00a0\u00a0\u00a0\u00a0\u00a0\u00a0\u00a0\u00a0<span lang=\"hr-HR\">Kao neposredan svjedok ove prakse mogu osobno potvrditi svu u\u010dinkovitost ovakvih seansi.<\/span><\/p><p style=\"margin-bottom: 0cm;\">\u00a0\u00a0\u00a0\u00a0\u00a0\u00a0\u00a0\u00a0\u00a0\u00a0\u00a0\u00a0<span lang=\"hr-HR\">Postseansna analiza otkriva terapeutkinju izvanrednog umije\u0107a, a pomo\u0107 koju pru\u017ea klijentu je dragocjena u svakom pogledu. \u010covjek nakon regresijske seanse ustaje osvje\u017een kao da je \u010detiri sata najdublje spavao, a \u010dinjenice koje potom otkriva \u010dine mu svijet, \u017eivot i bitak ljep\u0161im i upotpunjenim va\u017enim spoznajama o sebi i svojim, fantaziranim ili ne pro\u0161lim \u017eivotima, putovanjima u traumatska ili evoluciona do\u017eivljavanja iz djetinjstva.<\/span><\/p><p style=\"margin-bottom: 0cm;\">\u00a0\u00a0\u00a0\u00a0\u00a0\u00a0\u00a0\u00a0\u00a0\u00a0\u00a0\u00a0<span lang=\"hr-HR\">Znala\u010dkom psiholo\u0161kom ra\u0161\u010dlambom vi\u0161eg i ni\u017eeg jastva terapeutkinja majstorski smje\u0161ta sve na svoje mjesto i na kraju klijent odlazi preporo\u0111en i sretan, oboga\u0107en jo\u0161 jednom samospoznajom i hetero i auto-realizacijom svog bi\u0107a na putu potpunog samoostvarenja.<\/span><\/p><p style=\"margin-bottom: 0cm;\">\u00a0\u00a0\u00a0\u00a0\u00a0\u00a0\u00a0\u00a0\u00a0\u00a0\u00a0\u00a0<span lang=\"hr-HR\">Vra\u0107aju\u0107i se unatrag, u prethodna z\/bivanja i ranije vrijeme kao \u010detvrtu dimenziju u spaciotemporalnoj zakrivljenosti, a u stanju tzv. po\u010dinka, ni polusna, ni budnosti, klijent se povla\u010di zajedno s terapeutkinjom kaoja ga vodi iz stereotipnih mjesta u nova, koja dalje iznalazi sam pacijent. Tu klijent nailazi na lijepe do\u017eivljaje, ili pak frustracije, traume, prepreke,otpore, koje mu Z. Jan\u010di\u0107 poma\u017ee otkloniti, jer su zajedno \u00abunutra\u00bb. Klijent se hvata puta obilje\u017eenog dominantnim to\u010dkama fiksacije. Specifi\u010dno regresivno i hipnoidno stanje svijesti, su\u017eeno ili pak pro\u0161ireno, omogu\u0107ava da se dozovu izvjesne, afektivno strukturirane, uglavnom vizualne predstave, koje postaju disocirane, mogu izazvati sa svojom \u017eivo\u0161\u0107u pla\u010d klijenta, osje\u0107aj radosti ili ustra\u0161enosti.<\/span><\/p><p style=\"margin-bottom: 0cm;\">\u00a0\u00a0\u00a0\u00a0\u00a0\u00a0\u00a0\u00a0\u00a0\u00a0\u00a0\u00a0<span lang=\"hr-HR\">Postupkom nehipnoti\u010dke regresije, relaksacije i kratke hiperventilacije, Z.Jan\u010di\u0107 uvodi klijenta u jedno stanje reducirane somnolentnosti, te ga sugestivnim manevrima upu\u0107uje da krene svojim putem, nekada davno, mo\u017eda transgeneracijski pre\u0111enim pro\u017eivljavanjem. Tu se mogu otkriti \u010dudesni susreti s minulim doga\u0111anjima, ulogama, situacijama. Provjera gdje se klijent nalazi, koje je dobi, dobiva se sugestijom da pogleda svoje ruke ili noge, izjavi kako izgledaju, kako je trenutno obu\u010den i gdje se nalazi. Zbog mogu\u0107nosti odla\u017eenja u neproduktivne slijepe ulice iz kojih se dalje ne mo\u017ee, ili nema smisla i\u0107i po procjeni terapeuta, klijenta se vra\u0107a na ranije poznata mjesta, polazi\u0161te \u2013 npr. alpske cvjetne livade ili neko drugo sigurno mjesto. Otuda kre\u0107e dalje novim labirintnim putem \u010duvaju\u0107i Arijadninu (terapeutkinjinu) crvenu vunenu nit \u010dije klupko Z. Jan\u010di\u0107 nikada ne ispu\u0161ta iz ruku. Sve se doga\u0111a spontano, finim, tananim uputstvima, ugodno bar\u0161unastog glasa kao linije vodilje iz mjesta u mjesto, od osobe do osobe, ako se klijent upli\u0107e u odnose ili luta solipsisti\u010dki. Taj glas ga ispunjava sigurno\u0161\u0107u i mitski ga vodi dalje. U stanju poja\u010dane prijem\u010dljivosti svome unutarnjem diktatu klijent se podvrgava putovanju u prostorno-vremenskom kontinuitetu, slijede\u0107i meandre kolektivnog nesvjesnog uma, koji je briljantniji od individualnog svjesnog.<\/span><\/p><p style=\"margin-bottom: 0cm;\">\u00a0\u00a0\u00a0\u00a0\u00a0\u00a0\u00a0\u00a0\u00a0\u00a0\u00a0\u00a0<span lang=\"hr-HR\">Samo inicijalno induciran voditeljicom, kao drugom \u00abpersona grata\u00bb osobno\u0161\u0107u, klijent sam iznalazi kamo \u0107e krenuti i \u0161to \u0107e do\u017eivjeti pod direkcijom svojih slobodnih asocijacija. Alternativno stanje svijesti jest karakterizirano samo u nehipnoti\u010dkoj regresiji slobodom odu\u010divanja. Stupanj udaljenosti kretanja ovisi o otporima, ali i snazi ega, od blage hipersugestibilnosti do transnog stanja s kompletnim ulaskom u najzabitije kutke svega zaboravljenog, sada ponovno do\u017eivljenog i savladanog u smislu kriti\u010dnosti, uvida i iscjeljenja.<\/span><span style=\"font-size: 15px; color: #8d8063;\">\u00a0<\/span><\/p>\t\t\t\t\t\t<\/div>\n\t\t\t\t<\/div>\n\t\t\t\t\t<\/div>\n\t\t<\/div>\n\t\t\t\t\t\t\t<\/div>\n\t\t<\/section>\n\t\t\t\t\t\t\t<\/div>\n\t\t","protected":false},"excerpt":{"rendered":"<p>ZRINKA JAN\u010cI\u0106 Datum ro\u0111enja: 23.11.1970. u 7.20h, Zagreb Zrinka Jan\u010di\u0107 regresoterapijom se bavi preko 30 godina. Ve\u0107 u osnovnoj \u0161koli\u00a0je pokazala interes prema isto\u010dnja\u010dkoj religiji, jogi, astrologiji i meditaciji. U sedamnaestoj godini dolazi do tzv. spontanog kundalini dizanja, \u0161to je &hellip; <a href=\"https:\/\/regresija-hipnoza.com\/?page_id=103\">Nastavi \u010ditati <span class=\"meta-nav\">&rarr;<\/span><\/a><\/p>\n","protected":false},"author":1,"featured_media":0,"parent":0,"menu_order":0,"comment_status":"closed","ping_status":"closed","template":"","meta":{"om_disable_all_campaigns":false,"_monsterinsights_skip_tracking":false,"_monsterinsights_sitenote_active":false,"_monsterinsights_sitenote_note":"","_monsterinsights_sitenote_category":0},"aioseo_notices":[],"_links":{"self":[{"href":"https:\/\/regresija-hipnoza.com\/index.php?rest_route=\/wp\/v2\/pages\/103"}],"collection":[{"href":"https:\/\/regresija-hipnoza.com\/index.php?rest_route=\/wp\/v2\/pages"}],"about":[{"href":"https:\/\/regresija-hipnoza.com\/index.php?rest_route=\/wp\/v2\/types\/page"}],"author":[{"embeddable":true,"href":"https:\/\/regresija-hipnoza.com\/index.php?rest_route=\/wp\/v2\/users\/1"}],"replies":[{"embeddable":true,"href":"https:\/\/regresija-hipnoza.com\/index.php?rest_route=%2Fwp%2Fv2%2Fcomments&post=103"}],"version-history":[{"count":19,"href":"https:\/\/regresija-hipnoza.com\/index.php?rest_route=\/wp\/v2\/pages\/103\/revisions"}],"predecessor-version":[{"id":164,"href":"https:\/\/regresija-hipnoza.com\/index.php?rest_route=\/wp\/v2\/pages\/103\/revisions\/164"}],"wp:attachment":[{"href":"https:\/\/regresija-hipnoza.com\/index.php?rest_route=%2Fwp%2Fv2%2Fmedia&parent=103"}],"curies":[{"name":"wp","href":"https:\/\/api.w.org\/{rel}","templated":true}]}}